{"id":67,"date":"2017-12-22T16:17:38","date_gmt":"2017-12-22T15:17:38","guid":{"rendered":"http:\/\/192.168.2.193:1234\/?page_id=67"},"modified":"2018-02-27T11:08:42","modified_gmt":"2018-02-27T10:08:42","slug":"fuer-jugendliche-und-junge-erwachsene","status":"publish","type":"page","link":"http:\/\/www.kjp-rau.de\/index.php\/fuer-jugendliche-und-junge-erwachsene\/","title":{"rendered":"F\u00fcr Jugendliche"},"content":{"rendered":"<p><strong>Was erwartet mich\u00a0in der Therapie?<\/strong><\/p>\n<p>Bei unserem ersten Termin geht es darum, dass wir uns gegenseitig kennenlernen. Zun\u00e4chst stelle ich mich vor und erkl\u00e4re Dir*, falls anwesend auch deinen Eltern, wie ich arbeite. Danach interessiert es mich, warum Du Hilfe suchst. Dabei lasse ich Dir die Wahl, ob wir das lieber zu zweit oder gemeinsam mit Deinen Eltern besprechen. Am Ende der ersten Stunde erkl\u00e4re ich dann die weiteren Schritte und nach f\u00fcnf\u00a0Probesitzungen entscheiden wir gemeinsam, ob eine Therapie in Frage kommt und Du das m\u00f6chtest. In der Regel findet die Therapie bei Jugendlichen und jungen Erwachsenen \u00fcber das Gespr\u00e4ch statt. Ich stelle Fragen, die helfen, sich selbst und die eigene Situation zu verstehen und L\u00f6sungen zu entwickeln. Die Fragen deinerseits sind ebenfalls wichtig f\u00fcr das Gelingen der Therapie. Ein weiteres Prinzip ist die Transparenz der Behandlung. Nichts geschieht ohne deinen Willen. Die Therapie ist immer freiwillig und wir arbeiten an deinen Zielen und W\u00fcnschen, die wir zuvor gemeinsam herausarbeiten. Manchmal haben auch Eltern oder andere Menschen Ver\u00e4nderungsw\u00fcnsche, bei denen wir besprechen sollten, ob sie f\u00fcr Dich auch annehmbar sind.<\/p>\n<p>&nbsp;<\/p>\n<p><strong>Was erfahren meine Eltern?\u00a0<\/strong><strong><img decoding=\"async\" loading=\"lazy\" class=\"alignright wp-image-152 size-full\" src=\"http:\/\/192.168.2.193:8484\/wp-content\/uploads\/2018\/01\/puppen-1.png\" alt=\"\" width=\"497\" height=\"268\" srcset=\"http:\/\/www.kjp-rau.de\/wp-content\/uploads\/2018\/01\/puppen-1.png 497w, http:\/\/www.kjp-rau.de\/wp-content\/uploads\/2018\/01\/puppen-1-300x162.png 300w\" sizes=\"(max-width: 497px) 100vw, 497px\" \/><\/strong><\/p>\n<p>Deine Eltern erfahren nur das, was Du mir erlaubst, mit ihnen zu besprechen. Es sei denn, es ginge darum, eine akute Eigen- oder Fremdgef\u00e4hrdung zu verhindern. Es ist auch m\u00f6glich, dass die Jugendlichen bei den Gespr\u00e4chen mit den Eltern dabei sind.<\/p>\n<p>&nbsp;<\/p>\n<p><em>*Ab dem 16. Lebensjahr haben die Jugendlichen die Wahl, ob sie geduzt oder gesiezt werden m\u00f6chten. Um die Lesbarkeit des Textes zu vereinfachen, habe ich hier das Du gew\u00e4hlt.<\/em><\/p>\n","protected":false},"excerpt":{"rendered":"<p>Was erwartet mich\u00a0in der Therapie? Bei unserem ersten Termin geht es darum, dass wir uns gegenseitig kennenlernen. Zun\u00e4chst stelle ich mich vor und erkl\u00e4re Dir*, falls anwesend auch deinen Eltern, wie ich arbeite. Danach interessiert es mich, warum Du Hilfe suchst. Dabei lasse ich Dir die Wahl, ob wir das lieber zu zweit oder gemeinsam [&hellip;]<\/p>\n","protected":false},"author":1,"featured_media":87,"parent":0,"menu_order":0,"comment_status":"closed","ping_status":"closed","template":"","meta":{"footnotes":""},"_links":{"self":[{"href":"http:\/\/www.kjp-rau.de\/index.php\/wp-json\/wp\/v2\/pages\/67"}],"collection":[{"href":"http:\/\/www.kjp-rau.de\/index.php\/wp-json\/wp\/v2\/pages"}],"about":[{"href":"http:\/\/www.kjp-rau.de\/index.php\/wp-json\/wp\/v2\/types\/page"}],"author":[{"embeddable":true,"href":"http:\/\/www.kjp-rau.de\/index.php\/wp-json\/wp\/v2\/users\/1"}],"replies":[{"embeddable":true,"href":"http:\/\/www.kjp-rau.de\/index.php\/wp-json\/wp\/v2\/comments?post=67"}],"version-history":[{"count":17,"href":"http:\/\/www.kjp-rau.de\/index.php\/wp-json\/wp\/v2\/pages\/67\/revisions"}],"predecessor-version":[{"id":247,"href":"http:\/\/www.kjp-rau.de\/index.php\/wp-json\/wp\/v2\/pages\/67\/revisions\/247"}],"wp:featuredmedia":[{"embeddable":true,"href":"http:\/\/www.kjp-rau.de\/index.php\/wp-json\/wp\/v2\/media\/87"}],"wp:attachment":[{"href":"http:\/\/www.kjp-rau.de\/index.php\/wp-json\/wp\/v2\/media?parent=67"}],"curies":[{"name":"wp","href":"https:\/\/api.w.org\/{rel}","templated":true}]}}