{"id":64,"date":"2017-12-22T16:16:54","date_gmt":"2017-12-22T15:16:54","guid":{"rendered":"http:\/\/192.168.2.193:1234\/?page_id=64"},"modified":"2018-02-27T11:03:13","modified_gmt":"2018-02-27T10:03:13","slug":"fuer-kinder","status":"publish","type":"page","link":"http:\/\/www.kjp-rau.de\/index.php\/fuer-kinder\/","title":{"rendered":"F\u00fcr Kinder"},"content":{"rendered":"<p><img decoding=\"async\" loading=\"lazy\" class=\"size-full wp-image-146 alignright\" src=\"http:\/\/192.168.2.193:8484\/wp-content\/uploads\/2018\/01\/turtle.png\" alt=\"\" width=\"283\" height=\"224\" \/><strong>Was erwartet Dich bei mir?<\/strong><\/p>\n<p>Bei deinem ersten Besuch bei mir geht es darum, dass wir uns erst einmal kennenlernen. Als Unterst\u00fctzung kannst Du, wenn Du magst, auch Dein Lieblingsstofftier mitbringen. Ich stelle mich kurz vor und erkl\u00e4re Dir und Deinen Eltern erstmal, was ich mache. Du darfst dabei alles fragen, was Du noch von mir wissen willst. Nat\u00fcrlich m\u00f6chte ich auch Dich und Deine Familie kennenlernen, dazu habe ich ganz viele Fragen. Zum Beispiel interessiert mich, wie es Dir geht, ob Du gerne in den Kindergarten oder in die Schule gehst, ob Du Sorgen oder \u00c4ngste hast oder ob Du viele Freunde hast. Auch m\u00f6chte ich wissen, was Du gut kannst und welche Hobbys Du hast. Wichtig ist, dass Du nur das erz\u00e4hlen musst, was Du sagen magst und was ok f\u00fcr Dich ist.<\/p>\n<p>Bei unserem n\u00e4chsten Treffen haben wir dann noch mehr Zeit, um uns besser kennenzulernen. Wenn es f\u00fcr Dich in Ordnung ist, m\u00fcssen deine Eltern dann auch gar nicht mehr mit ins Zimmer kommen und wir beide k\u00f6nnen gemeinsam spielen, malen, erz\u00e4hlen und jede Menge Spa\u00df haben.<\/p>\n<p>Wenn wir uns dann ein wenig besser kennen und wir uns ein paar Mal getroffen haben, \u00fcberlegen wir gemeinsam, welche Sorgen und W\u00fcnsche Du hast und besprechen, wie ich Dir vielleicht dabei helfen kann &#8211; hierf\u00fcr kommst Du eine Zeit lang einmal in der Woche zu mir und wir reden dar\u00fcber. Au\u00dferdem treffe ich mich auch regelm\u00e4\u00dfig mit Deinen Eltern, die Dich dabei unterst\u00fctzen werden, Deine Probleme zu l\u00f6sen.<\/p>\n","protected":false},"excerpt":{"rendered":"<p>Was erwartet Dich bei mir? Bei deinem ersten Besuch bei mir geht es darum, dass wir uns erst einmal kennenlernen. Als Unterst\u00fctzung kannst Du, wenn Du magst, auch Dein Lieblingsstofftier mitbringen. Ich stelle mich kurz vor und erkl\u00e4re Dir und Deinen Eltern erstmal, was ich mache. Du darfst dabei alles fragen, was Du noch von [&hellip;]<\/p>\n","protected":false},"author":1,"featured_media":91,"parent":0,"menu_order":0,"comment_status":"closed","ping_status":"closed","template":"","meta":{"footnotes":""},"_links":{"self":[{"href":"http:\/\/www.kjp-rau.de\/index.php\/wp-json\/wp\/v2\/pages\/64"}],"collection":[{"href":"http:\/\/www.kjp-rau.de\/index.php\/wp-json\/wp\/v2\/pages"}],"about":[{"href":"http:\/\/www.kjp-rau.de\/index.php\/wp-json\/wp\/v2\/types\/page"}],"author":[{"embeddable":true,"href":"http:\/\/www.kjp-rau.de\/index.php\/wp-json\/wp\/v2\/users\/1"}],"replies":[{"embeddable":true,"href":"http:\/\/www.kjp-rau.de\/index.php\/wp-json\/wp\/v2\/comments?post=64"}],"version-history":[{"count":15,"href":"http:\/\/www.kjp-rau.de\/index.php\/wp-json\/wp\/v2\/pages\/64\/revisions"}],"predecessor-version":[{"id":245,"href":"http:\/\/www.kjp-rau.de\/index.php\/wp-json\/wp\/v2\/pages\/64\/revisions\/245"}],"wp:featuredmedia":[{"embeddable":true,"href":"http:\/\/www.kjp-rau.de\/index.php\/wp-json\/wp\/v2\/media\/91"}],"wp:attachment":[{"href":"http:\/\/www.kjp-rau.de\/index.php\/wp-json\/wp\/v2\/media?parent=64"}],"curies":[{"name":"wp","href":"https:\/\/api.w.org\/{rel}","templated":true}]}}