{"id":20,"date":"2017-12-22T10:10:22","date_gmt":"2017-12-22T09:10:22","guid":{"rendered":"http:\/\/192.168.2.193:1234\/?page_id=20"},"modified":"2018-02-27T10:58:49","modified_gmt":"2018-02-27T09:58:49","slug":"ablauf","status":"publish","type":"page","link":"http:\/\/www.kjp-rau.de\/index.php\/psychotherapie\/ablauf\/","title":{"rendered":"Kosten"},"content":{"rendered":"<p><strong>Gesetzlich Versicherte<\/strong><\/p>\n<p>Wenn bei Ihnen eine psychische St\u00f6rung vorliegt, \u00fcbernimmt in der Regel die Krankenkasse die Kosten Ihrer Behandlung. Hierf\u00fcr ben\u00f6tige ich Ihre Versichertenkarte Ihrer Krankenkasse. Wenn eine Therapie notwendig ist und Sie der Therapie zustimmen, stelle ich f\u00fcr Sie einen Antrag bei der Krankenkasse. Nach der Genehmigung beginnt die eigentliche Therapie.<\/p>\n<p>&nbsp;<\/p>\n<p><strong>Privat Versicherte<\/strong><\/p>\n<p>Die Privaten Krankenkassen \u00fcbernehmen in aller Regel die Kosten f\u00fcr eine ambulante Psychotherapie. Vorher sollten Sie sich jedoch bei Ihrer Privaten Krankenkasse informieren, wie ein Antrag zu stellen ist und wie viele Stunden \u00fcbernommen werden. Der Liquidation liegt die Geb\u00fchrenordnung f\u00fcr Psychotherapeuten (<a href=\"http:\/\/psychotherapie-gruenberg.de\/Download_der_Gebhrenordnung_GOP.pdf\">GOP<\/a>) zugrunde.<\/p>\n<p>&nbsp;<\/p>\n<p><strong>Selbstzahler<\/strong><\/p>\n<p>Beratungsangebote m\u00fcssen in der Regel selbst bezahlt werden. Darunter f\u00e4llt z.B. eine Erziehungsberatung. Schwierigkeiten in diesen Bereichen sind zwar problembehaftet, fallen aber nicht in den Leistungsbereich der Krankenkassen, da es sich nicht um psychische St\u00f6rungen handelt. Die Kosten m\u00fcssen daher selbst getragen werden und orientieren sich an der Geb\u00fchrenordnung f\u00fcr Psychotherapeuten (<a href=\"http:\/\/psychotherapie-gruenberg.de\/Download_der_Gebhrenordnung_GOP.pdf\">GOP<\/a>).<\/p>\n<p>In manchen F\u00e4llen k\u00f6nnen Kosten aber von anderen Tr\u00e4gern z.B. nach SGB VIII oder SGB IV getragen werden. Hier lohnt es sich je nach Problembereich gezielt bei \u00c4mtern (z.B. Jugendamt) nachzufragen.<\/p>\n<p>Wenn Sie aus pers\u00f6nlichen Gr\u00fcnden die Sitzungen der ambulante Therapie Ihres Kindes selbst zahlen m\u00f6chten, richten sich die Stundens\u00e4tze ebenfalls nach der Geb\u00fchrenordnung f\u00fcr Psychotherapeuten.<\/p>\n","protected":false},"excerpt":{"rendered":"<p>Gesetzlich Versicherte Wenn bei Ihnen eine psychische St\u00f6rung vorliegt, \u00fcbernimmt in der Regel die Krankenkasse die Kosten Ihrer Behandlung. Hierf\u00fcr ben\u00f6tige ich Ihre Versichertenkarte Ihrer Krankenkasse. Wenn eine Therapie notwendig ist und Sie der Therapie zustimmen, stelle ich f\u00fcr Sie einen Antrag bei der Krankenkasse. Nach der Genehmigung beginnt die eigentliche Therapie. &nbsp; Privat Versicherte [&hellip;]<\/p>\n","protected":false},"author":1,"featured_media":90,"parent":18,"menu_order":0,"comment_status":"closed","ping_status":"closed","template":"","meta":{"footnotes":""},"_links":{"self":[{"href":"http:\/\/www.kjp-rau.de\/index.php\/wp-json\/wp\/v2\/pages\/20"}],"collection":[{"href":"http:\/\/www.kjp-rau.de\/index.php\/wp-json\/wp\/v2\/pages"}],"about":[{"href":"http:\/\/www.kjp-rau.de\/index.php\/wp-json\/wp\/v2\/types\/page"}],"author":[{"embeddable":true,"href":"http:\/\/www.kjp-rau.de\/index.php\/wp-json\/wp\/v2\/users\/1"}],"replies":[{"embeddable":true,"href":"http:\/\/www.kjp-rau.de\/index.php\/wp-json\/wp\/v2\/comments?post=20"}],"version-history":[{"count":7,"href":"http:\/\/www.kjp-rau.de\/index.php\/wp-json\/wp\/v2\/pages\/20\/revisions"}],"predecessor-version":[{"id":241,"href":"http:\/\/www.kjp-rau.de\/index.php\/wp-json\/wp\/v2\/pages\/20\/revisions\/241"}],"up":[{"embeddable":true,"href":"http:\/\/www.kjp-rau.de\/index.php\/wp-json\/wp\/v2\/pages\/18"}],"wp:featuredmedia":[{"embeddable":true,"href":"http:\/\/www.kjp-rau.de\/index.php\/wp-json\/wp\/v2\/media\/90"}],"wp:attachment":[{"href":"http:\/\/www.kjp-rau.de\/index.php\/wp-json\/wp\/v2\/media?parent=20"}],"curies":[{"name":"wp","href":"https:\/\/api.w.org\/{rel}","templated":true}]}}