{"id":18,"date":"2017-12-22T10:10:14","date_gmt":"2017-12-22T09:10:14","guid":{"rendered":"http:\/\/192.168.2.193:1234\/?page_id=18"},"modified":"2018-02-27T10:49:10","modified_gmt":"2018-02-27T09:49:10","slug":"psychotherapie","status":"publish","type":"page","link":"http:\/\/www.kjp-rau.de\/index.php\/psychotherapie\/","title":{"rendered":"Psychotherapie"},"content":{"rendered":"<p><strong>Was erwartet Sie?<\/strong><\/p>\n<p>Bei der Psychotherapie f\u00fcr Kinder und Jugendliche nutze ich als staatlich zugelassene Psychotherapeutin anerkannte und bew\u00e4hrte Methoden der Verhaltenstherapie, um psychische Beeintr\u00e4chtigungen bzw. Erkrankungen zu behandeln. F\u00fcr jedes Kind bzw. jeden Jugendlichen erstelle ich einen individuellen Therapieplan, der auf das Alter und die individuellen Bed\u00fcrfnisse abgestimmt ist.<\/p>\n<p>So ist es beispielsweise meine Aufgabe, gemeinsam mit dem Kind oder Jugendlichen auf altersgerechte Weise ein Verst\u00e4ndnis f\u00fcr seine Schwierigkeiten zu entwickeln. Oft nutzen die Kinder dabei das gemeinsame Spiel, in dem sich ihre Probleme darstellen. In der Therapie k\u00f6nnen im gesch\u00fctzten Rahmen neue Verhaltensweisen erprobt werden, z.B. Umgang mit Gef\u00fchlen, neue Perspektiven oder die Gestaltung zwischenmenschlicher Kontakte.<\/p>\n<p>&nbsp;<\/p>\n","protected":false},"excerpt":{"rendered":"<p>Was erwartet Sie? Bei der Psychotherapie f\u00fcr Kinder und Jugendliche nutze ich als staatlich zugelassene Psychotherapeutin anerkannte und bew\u00e4hrte Methoden der Verhaltenstherapie, um psychische Beeintr\u00e4chtigungen bzw. Erkrankungen zu behandeln. F\u00fcr jedes Kind bzw. jeden Jugendlichen erstelle ich einen individuellen Therapieplan, der auf das Alter und die individuellen Bed\u00fcrfnisse abgestimmt ist. So ist es beispielsweise meine [&hellip;]<\/p>\n","protected":false},"author":1,"featured_media":89,"parent":0,"menu_order":0,"comment_status":"closed","ping_status":"closed","template":"","meta":{"footnotes":""},"_links":{"self":[{"href":"http:\/\/www.kjp-rau.de\/index.php\/wp-json\/wp\/v2\/pages\/18"}],"collection":[{"href":"http:\/\/www.kjp-rau.de\/index.php\/wp-json\/wp\/v2\/pages"}],"about":[{"href":"http:\/\/www.kjp-rau.de\/index.php\/wp-json\/wp\/v2\/types\/page"}],"author":[{"embeddable":true,"href":"http:\/\/www.kjp-rau.de\/index.php\/wp-json\/wp\/v2\/users\/1"}],"replies":[{"embeddable":true,"href":"http:\/\/www.kjp-rau.de\/index.php\/wp-json\/wp\/v2\/comments?post=18"}],"version-history":[{"count":13,"href":"http:\/\/www.kjp-rau.de\/index.php\/wp-json\/wp\/v2\/pages\/18\/revisions"}],"predecessor-version":[{"id":239,"href":"http:\/\/www.kjp-rau.de\/index.php\/wp-json\/wp\/v2\/pages\/18\/revisions\/239"}],"wp:featuredmedia":[{"embeddable":true,"href":"http:\/\/www.kjp-rau.de\/index.php\/wp-json\/wp\/v2\/media\/89"}],"wp:attachment":[{"href":"http:\/\/www.kjp-rau.de\/index.php\/wp-json\/wp\/v2\/media?parent=18"}],"curies":[{"name":"wp","href":"https:\/\/api.w.org\/{rel}","templated":true}]}}