{"id":175,"date":"2018-01-26T15:56:29","date_gmt":"2018-01-26T14:56:29","guid":{"rendered":"http:\/\/192.168.2.193:8484\/?page_id=175"},"modified":"2022-12-01T11:49:48","modified_gmt":"2022-12-01T10:49:48","slug":"anmeldung","status":"publish","type":"page","link":"http:\/\/www.kjp-rau.de\/index.php\/anmeldung\/","title":{"rendered":"Anmeldung"},"content":{"rendered":"<p>&nbsp;<\/p>\n<p>Jugendliche ab einem Alter von 15 Jahren k\u00f6nnen sich selbst bei mir melden und einen Termin vereinbaren. Ab dem 22. Lebensjahr m\u00fcssen Sie zu einem Erwachsenentherapeuten gehen, denn Kinder- und Jugendlichenpsychotherapeuten arbeiten nur bis zum 21. Geburtstag mit ihren Patienten. Nat\u00fcrlich k\u00f6nnen prinzipiell auch Sie als Eltern sich an mich wenden.<\/p>\n<p>Wenn Sie Ihr Kind (oder Du dich selbst) f\u00fcr einen Therapieplatz anmelden m\u00f6chten, hinterlassen Sie mir unter<\/p>\n<p><a href=\"tel:+4961528550383\">+49 6152-8550383\u00a0<\/a><br \/>\neine Nachricht mit Ihrem Namen sowie Ihrer Telefonnummer. Alternativ k\u00f6nnen Sie mir auch gerne per E-Mail an<br \/>\n <a href=\"mailto:praxis@kjp-rau.de\">praxis@kjp-rau.de<\/a> Ihren Namen und Ihre Telefonnummer hinterlassen.<\/p>\n<p><strong>Durch meine telefonische Kontaktaufnahme best\u00e4tige ich Ihre Anmeldung und wir vereinbaren ein Erstgespr\u00e4ch. In Zeiten erh\u00f6hter Therapieanfragen ist dies leider nicht immer zu gew\u00e4hrleisten.<\/p>\n<p>&nbsp;<\/p>\n","protected":false},"excerpt":{"rendered":"<p>&nbsp; Jugendliche ab einem Alter von 15 Jahren k\u00f6nnen sich selbst bei mir melden und einen Termin vereinbaren. Ab dem 22. Lebensjahr m\u00fcssen Sie zu einem Erwachsenentherapeuten gehen, denn Kinder- und Jugendlichenpsychotherapeuten arbeiten nur bis zum 21. Geburtstag mit ihren Patienten. Nat\u00fcrlich k\u00f6nnen prinzipiell auch Sie als Eltern sich an mich wenden. Wenn Sie Ihr [&hellip;]<\/p>\n","protected":false},"author":1,"featured_media":90,"parent":0,"menu_order":0,"comment_status":"closed","ping_status":"closed","template":"","meta":{"footnotes":""},"_links":{"self":[{"href":"http:\/\/www.kjp-rau.de\/index.php\/wp-json\/wp\/v2\/pages\/175"}],"collection":[{"href":"http:\/\/www.kjp-rau.de\/index.php\/wp-json\/wp\/v2\/pages"}],"about":[{"href":"http:\/\/www.kjp-rau.de\/index.php\/wp-json\/wp\/v2\/types\/page"}],"author":[{"embeddable":true,"href":"http:\/\/www.kjp-rau.de\/index.php\/wp-json\/wp\/v2\/users\/1"}],"replies":[{"embeddable":true,"href":"http:\/\/www.kjp-rau.de\/index.php\/wp-json\/wp\/v2\/comments?post=175"}],"version-history":[{"count":22,"href":"http:\/\/www.kjp-rau.de\/index.php\/wp-json\/wp\/v2\/pages\/175\/revisions"}],"predecessor-version":[{"id":327,"href":"http:\/\/www.kjp-rau.de\/index.php\/wp-json\/wp\/v2\/pages\/175\/revisions\/327"}],"wp:featuredmedia":[{"embeddable":true,"href":"http:\/\/www.kjp-rau.de\/index.php\/wp-json\/wp\/v2\/media\/90"}],"wp:attachment":[{"href":"http:\/\/www.kjp-rau.de\/index.php\/wp-json\/wp\/v2\/media?parent=175"}],"curies":[{"name":"wp","href":"https:\/\/api.w.org\/{rel}","templated":true}]}}