{"id":16,"date":"2017-12-22T10:09:57","date_gmt":"2017-12-22T09:09:57","guid":{"rendered":"http:\/\/192.168.2.193:1234\/?page_id=16"},"modified":"2022-11-04T16:25:00","modified_gmt":"2022-11-04T15:25:00","slug":"ueber-mich","status":"publish","type":"page","link":"http:\/\/www.kjp-rau.de\/index.php\/ueber-mich\/","title":{"rendered":"\u00dcber mich"},"content":{"rendered":"<p><img decoding=\"async\" loading=\"lazy\" class=\"alignright wp-image-111 size-full\" src=\"http:\/\/192.168.2.193:8484\/wp-content\/uploads\/2018\/01\/circle1-1.png\" alt=\"\" width=\"360\" height=\"360\" srcset=\"http:\/\/www.kjp-rau.de\/wp-content\/uploads\/2018\/01\/circle1-1.png 360w, http:\/\/www.kjp-rau.de\/wp-content\/uploads\/2018\/01\/circle1-1-150x150.png 150w, http:\/\/www.kjp-rau.de\/wp-content\/uploads\/2018\/01\/circle1-1-300x300.png 300w\" sizes=\"(max-width: 360px) 100vw, 360px\" \/>1988 geboren, im Kreis Gro\u00df-Gerau aufgewachsen, verheiratet, 2 Kinder<\/p>\n<ul>\n<li>Studium der Erziehungswissenschaft und Musikwissenschaft (Bachelorstudiengang) an der Johannes-Gutenberg-Universit\u00e4t Mainz<\/li>\n<li>sowie darauf aufbauend Studium der Erziehungswissenschaft (Masterstudiengang) an der Universit\u00e4t zu K\u00f6ln<\/li>\n<li>Weiterbildung zur Kinder- und Jugendlichenpsychotherapeutin am Institut f\u00fcr Fort- und Weiterbildung in klinischer Verhaltenstherapie (<em>IFKV<\/em>) \u00a0in Bad D\u00fcrkheim<\/li>\n<li>2017 Erlangung der Approbation zur Kinder- und Jugendlichenpsychotherapeutin<\/li>\n<\/ul>\n<p>&nbsp;<\/p>\n<p><strong>Berufspraktische Erfahrungen<\/strong><\/p>\n<ul>\n<li>2013-2014 Bezugstherapeutin im Kinderheim des CJD Wolfstein<\/li>\n<li>2014-2015 Bezugstherapeutin im Johanniter-Zentrum Neuwied, Kinder- und Jugendlichenpsychiatrie &#8211; fakultativ geschlossene Station<\/li>\n<li>2015-2016 Praktische T\u00e4tigkeit in der IFKV Ambulanz Bad D\u00fcrkheim<\/li>\n<li>2015-2017 Praktische T\u00e4tigkeit in der Praxis Buchh\u00fcgelallee Offenbach<\/li>\n<li>2015-2017 Ausbildungsassistenz in der Praxis Sartorius Frankfurt a.M.<\/li>\n<li>Seit 2017 Kinder- und Jugendlichenpsychotherapeutin, in eigener Praxis<\/li>\n<\/ul>\n<p>&nbsp;<\/p>\n<p><strong>Verb\u00e4nde<\/strong><\/p>\n<ul>\n<li>Seit 2014: Mitgliedschaft in der Deutschen Psychotherapeuten-Vereinigung (DPtV)<\/li>\n<li>Seit 2015: Mitglied in der Landes-Psychotherapeutenkammer Hessen<\/li>\n<\/ul>\n","protected":false},"excerpt":{"rendered":"<p>1988 geboren, im Kreis Gro\u00df-Gerau aufgewachsen, verheiratet, 2 Kinder Studium der Erziehungswissenschaft und Musikwissenschaft (Bachelorstudiengang) an der Johannes-Gutenberg-Universit\u00e4t Mainz sowie darauf aufbauend Studium der Erziehungswissenschaft (Masterstudiengang) an der Universit\u00e4t zu K\u00f6ln Weiterbildung zur Kinder- und Jugendlichenpsychotherapeutin am Institut f\u00fcr Fort- und Weiterbildung in klinischer Verhaltenstherapie (IFKV) \u00a0in Bad D\u00fcrkheim 2017 Erlangung der Approbation zur Kinder- [&hellip;]<\/p>\n","protected":false},"author":1,"featured_media":88,"parent":0,"menu_order":0,"comment_status":"closed","ping_status":"closed","template":"","meta":{"footnotes":""},"_links":{"self":[{"href":"http:\/\/www.kjp-rau.de\/index.php\/wp-json\/wp\/v2\/pages\/16"}],"collection":[{"href":"http:\/\/www.kjp-rau.de\/index.php\/wp-json\/wp\/v2\/pages"}],"about":[{"href":"http:\/\/www.kjp-rau.de\/index.php\/wp-json\/wp\/v2\/types\/page"}],"author":[{"embeddable":true,"href":"http:\/\/www.kjp-rau.de\/index.php\/wp-json\/wp\/v2\/users\/1"}],"replies":[{"embeddable":true,"href":"http:\/\/www.kjp-rau.de\/index.php\/wp-json\/wp\/v2\/comments?post=16"}],"version-history":[{"count":21,"href":"http:\/\/www.kjp-rau.de\/index.php\/wp-json\/wp\/v2\/pages\/16\/revisions"}],"predecessor-version":[{"id":324,"href":"http:\/\/www.kjp-rau.de\/index.php\/wp-json\/wp\/v2\/pages\/16\/revisions\/324"}],"wp:featuredmedia":[{"embeddable":true,"href":"http:\/\/www.kjp-rau.de\/index.php\/wp-json\/wp\/v2\/media\/88"}],"wp:attachment":[{"href":"http:\/\/www.kjp-rau.de\/index.php\/wp-json\/wp\/v2\/media?parent=16"}],"curies":[{"name":"wp","href":"https:\/\/api.w.org\/{rel}","templated":true}]}}