{"id":130,"date":"2018-01-22T11:28:08","date_gmt":"2018-01-22T10:28:08","guid":{"rendered":"http:\/\/192.168.2.193:8484\/?page_id=130"},"modified":"2018-05-23T13:34:31","modified_gmt":"2018-05-23T11:34:31","slug":"anfahrt","status":"publish","type":"page","link":"http:\/\/www.kjp-rau.de\/index.php\/anfahrt\/","title":{"rendered":"Anfahrt"},"content":{"rendered":"<p>Anfahrt:<\/p>\n<p>&nbsp;<\/p>\n<p><strong>Wegbeschreibung mit dem Auto<\/strong><\/p>\n<p>Von der A60 kommend nehmen Sie die Abfahrt R\u00fcsselsheim-K\u00f6nigst\u00e4dten\/Nauheim und fahren rechts auf die Adam-Opel-Stra\u00dfe Richtung Nauheim. Die Praxis befindet sich in der K\u00f6nigst\u00e4dter Stra\u00dfe 38A in 64569 Nauheim, Ecke Feldstra\u00dfe.<\/p>\n<p>3 Parkpl\u00e4tze stehen vor der Praxis f\u00fcr Sie zur Verf\u00fcgung.<\/p>\n<p>&nbsp;<\/p>\n<p><strong>Wegbeschreibung mit \u00f6ffentlichen Verkehrsmitteln<\/strong><\/p>\n<p>Sie nehmen die Regionalbahn RB75, die st\u00fcndlich zwischen Wiesbaden, Mainz und Darmstadt verkehrt und steigen an der Station Nauheim aus. Die Praxis ist vom Nauheimer Bahnhof in 10 Minuten zu Fu\u00df zu erreichen.<\/p>\n","protected":false},"excerpt":{"rendered":"<p>Anfahrt: &nbsp; Wegbeschreibung mit dem Auto Von der A60 kommend nehmen Sie die Abfahrt R\u00fcsselsheim-K\u00f6nigst\u00e4dten\/Nauheim und fahren rechts auf die Adam-Opel-Stra\u00dfe Richtung Nauheim. Die Praxis befindet sich in der K\u00f6nigst\u00e4dter Stra\u00dfe 38A in 64569 Nauheim, Ecke Feldstra\u00dfe. 3 Parkpl\u00e4tze stehen vor der Praxis f\u00fcr Sie zur Verf\u00fcgung. &nbsp; Wegbeschreibung mit \u00f6ffentlichen Verkehrsmitteln Sie nehmen die [&hellip;]<\/p>\n","protected":false},"author":1,"featured_media":81,"parent":0,"menu_order":0,"comment_status":"closed","ping_status":"closed","template":"","meta":{"footnotes":""},"_links":{"self":[{"href":"http:\/\/www.kjp-rau.de\/index.php\/wp-json\/wp\/v2\/pages\/130"}],"collection":[{"href":"http:\/\/www.kjp-rau.de\/index.php\/wp-json\/wp\/v2\/pages"}],"about":[{"href":"http:\/\/www.kjp-rau.de\/index.php\/wp-json\/wp\/v2\/types\/page"}],"author":[{"embeddable":true,"href":"http:\/\/www.kjp-rau.de\/index.php\/wp-json\/wp\/v2\/users\/1"}],"replies":[{"embeddable":true,"href":"http:\/\/www.kjp-rau.de\/index.php\/wp-json\/wp\/v2\/comments?post=130"}],"version-history":[{"count":9,"href":"http:\/\/www.kjp-rau.de\/index.php\/wp-json\/wp\/v2\/pages\/130\/revisions"}],"predecessor-version":[{"id":259,"href":"http:\/\/www.kjp-rau.de\/index.php\/wp-json\/wp\/v2\/pages\/130\/revisions\/259"}],"wp:featuredmedia":[{"embeddable":true,"href":"http:\/\/www.kjp-rau.de\/index.php\/wp-json\/wp\/v2\/media\/81"}],"wp:attachment":[{"href":"http:\/\/www.kjp-rau.de\/index.php\/wp-json\/wp\/v2\/media?parent=130"}],"curies":[{"name":"wp","href":"https:\/\/api.w.org\/{rel}","templated":true}]}}