{"id":125,"date":"2018-01-22T11:16:25","date_gmt":"2018-01-22T10:16:25","guid":{"rendered":"http:\/\/192.168.2.193:8484\/?page_id=125"},"modified":"2019-04-23T12:29:32","modified_gmt":"2019-04-23T10:29:32","slug":"impressum","status":"publish","type":"page","link":"http:\/\/www.kjp-rau.de\/index.php\/impressum\/","title":{"rendered":"Impressum\/Datenschutz"},"content":{"rendered":"<p><strong>Impressum und Datenschutzerkl\u00e4rung<\/strong><\/p>\n<p>&nbsp;<\/p>\n<p>Die Datenschutzerkl\u00e4rung finden Sie weiter unten im Text.<\/p>\n<p>&nbsp;<\/p>\n<p>Pflichtangaben gem\u00e4\u00df \u00a7 5 des Teledienstgesetzes (TDG):<\/p>\n<p><strong>Name und Sitz<\/strong><br \/>\nPraxis f\u00fcr Kinder- und Jugendlichenpsychotherapie Linda Rau<br \/>\nK\u00f6nigst\u00e4dter Str. 38 A<br \/>\n64569 Nauheim<\/p>\n<p>Telefon: 06152\/8550383<br \/>\nEmail: <a href=\"mailto:praxis@kjp-rau.de\" target=\"_blank\" rel=\"noopener\">praxis@kjp-rau.de<\/a><\/p>\n<p>Internet: <a href=\"http:\/\/www.kjp-rau.de\" target=\"_blank\" rel=\"noopener\">www.kjp-rau.de<\/a><\/p>\n<p>&nbsp;<\/p>\n<p>Inhaltlich Verantwortlicher gem\u00e4\u00df \u00a76 MDStV:<br \/>\nLinda Rau<br \/>\nK\u00f6nigst\u00e4dter Str. 38A,<br \/>\n64569 Nauheim<br \/>\nTelefon: 06152\/8550383\u00a0\u00a0<br \/>\nFax: 06152\/8550894<br \/>\nE-Mail: praxis@kjp-rau.de<\/p>\n<p>&nbsp;<\/p>\n<p>Gesetzliche Berufsbezeichnung:<br \/>\nKinder- und Jugendlichenpsychotherapeutin, verliehen in der Bundesrepublik Deutschland<\/p>\n<p>&nbsp;<\/p>\n<p><strong><em>Ma\u00dfgebliche berufsrechtliche Regelungen f\u00fcr den Beruf der Kinder- und Jugendlichenpsychotherapeutin:<\/em><\/strong><br \/>\n-Psychotherapeutengesetz (PsychThG) v. 16.06.1998 (BGB1. I S. 1311), zuletzt ge\u00e4ndert am 20.06.2002 (BGB1. I S. 1946, 1996)<\/p>\n<p>-Hessisches Heilberufsgesetz\u00a0 in der Fassung vom 7.\u00a0Februar\u00a02003 (GVB1.\u00a0I\u00a0S.\u00a066,\u00a0242), zuletzt ge\u00e4ndert durch Artikel\u00a023 des Gesetzes vom 3.\u00a0Mai\u00a02018 (GVB1. S. 82)<\/p>\n<p>-Muster-Berufsordnung f\u00fcr Psychologische Psychotherapeutinnen und Psychotherapeuten und Kinder- und Jugendlichenpsychotherapeutinnen und Kinder- und Jugendlichenpsychotherapeuten (einsehbar auf der Homepage der Bundespsychotherapeutenkammer, siehe Download-Link)<\/p>\n<p>Texte der genannten Bestimmungen sind im Buchhandel erh\u00e4ltlich oder auf den unten genannten Internetseiten nachzulesen:<\/p>\n<p>Download Psychotherapeutengesetz unter:<br \/>\n<a href=\"http:\/\/www.gesetze-im-internet.de\/bundesrecht\/psychthg\/gesamt.pdf\">https:\/\/www.gesetze-im-internet.de\/bundesrecht\/psychthg\/gesamt.pdf<\/a><\/p>\n<p>Download Hessisches Heilberufsgesetz unter:<\/p>\n<p><a href=\"http:\/\/lppkjp.de\/wp-content\/uploads\/2013\/05\/Hessisches-Heilberufegesetz.pdf\">https:\/\/lppkjp.de\/wp-content\/uploads\/2013\/05\/Hessisches-Heilberufegesetz.pdf<\/a><\/p>\n<p>Download der Muster-Berufsordnung unter:<\/p>\n<p><a href=\"https:\/\/www.bptk.de\/fileadmin\/user_upload\/Recht\/Satzungen_und_Ordnungen\/musterberufsordnung.PDF\" target=\"_blank\" rel=\"noopener\" data-cke-saved-href=\"https:\/\/www.bptk.de\/fileadmin\/user_upload\/Recht\/Satzungen_und_Ordnungen\/musterberufsordnung.PDF\">https:\/\/www.bptk.de\/fileadmin\/user_upload\/Recht\/Satzungen_und_Ordnungen\/musterberufsordnung.PDF<\/a><\/p>\n<p>&nbsp;<\/p>\n<p><strong><em>Zugeh\u00f6rige Aufsichtsbeh\u00f6rden:<\/em><\/strong><br \/>\nLandeskammer f\u00fcr Psychologische Psychotherapeutinnen und -therapeuten und<br \/>\nKinder- und Jugendlichenpsychotherapeutinnen und -therapeuten in Hessen (LPPKJP)<br \/>\nGutenbergplatz 1, 65187 Wiesbaden<br \/>\nTelefon: 0611\/531680<\/p>\n<p>Fax: 0611\/5316829<br \/>\nE-Mail: post@ptk-hessen.de<br \/>\nInternet: https:\/\/lppkjp.de<\/p>\n<p>&nbsp;<\/p>\n<p>Gesundheitsamt Gro\u00df-Gerau, Wilhelm-Seipp-Str. 9, 64521 Gro\u00df-Gerau<\/p>\n<p>&nbsp;<\/p>\n<p>Zust\u00e4ndige Kassen\u00e4rztliche Vereinigung:<\/p>\n<p>Kassen\u00e4rztliche Vereinigung Hessen<\/p>\n<p>Europa-Allee 90<\/p>\n<p>60486 Frankfurt\/Main<br \/>\nTelefon: 069\/24741-7600<br \/>\nFax: 069\/24741-68829<\/p>\n<p>&nbsp;<\/p>\n<p><strong><em>Die hier gegebenen Informationen erfolgen zur Erf\u00fcllung nachfolgend genannter<br \/>\ngesetzlicher Verpflichtungen:<\/em><\/strong><br \/>\n-\u00a7 312c B\u00fcrgerliches Gesetzbuch (BGB)<\/p>\n<p>-\u00a7 6 und \u00a7 7 Teledienstgesetz (TDG)<br \/>\n-\u00a7 1 BGB-Informationspflichten-Verordnung (BGB-InfoV)<\/p>\n<p>-Rechtsgrundlagen der Datenschutz-Grundverordnung (DSGVO) sind gesondert angegeben (siehe unten)<\/p>\n<p>&nbsp;<\/p>\n<p><strong><em>Haftung:<\/em><\/strong><\/p>\n<ol>\n<li><strong><em>Inhalt des Onlineangebots<\/em><\/strong><br \/>\nDer Autor (= der Webseitenbetreiber) der Inhalte dieser Webseite (folgend als Autor bezeichnet) \u00fcbernimmt keinerlei Gew\u00e4hr f\u00fcr die Korrektheit, Aktualit\u00e4t, Vollst\u00e4ndigkeit oder Qualit\u00e4t der bereitgestellten Informationen. Haftungsanspr\u00fcche gegen den Autor, welche sich auf Sch\u00e4den materieller oder ideeller Art beziehen, die durch die Nutzung oder Nichtnutzung der dargebotenen Informationen bzw. durch die Nutzung fehlerhafter und nicht vollst\u00e4ndiger Informationen verursacht wurden, sind grunds\u00e4tzlich ausgeschlossen, sofern seitens des Autors kein nachweislich vors\u00e4tzliches oder grob fahrl\u00e4ssiges Verschulden vorliegt. Alle Angebote sind freibleibend und unverbindlich. Der Autor beh\u00e4lt es sich ausdr\u00fccklich vor, Teile der Seiten oder das gesamte Angebot ohne gesonderte Ank\u00fcndigung zu ver\u00e4ndern, zu erg\u00e4nzen, zu l\u00f6schen oder die Ver\u00f6ffentlichung zeitweise oder endg\u00fcltig einzustellen.<\/li>\n<li><strong><em> Verweise und Links<\/em><\/strong><br \/>\nBei direkten oder indirekten Verweisen auf fremde Internetseiten, sog. Links, die au\u00dferhalb des Verantwortungsbereiches des Autors liegen, w\u00fcrde eine Haftungsverpflichtung ausschlie\u00dflich in dem Fall in Kraft treten, in dem der Autor von den Inhalten Kenntnis hat und es ihm technisch m\u00f6glich und zumutbar w\u00e4re, die Nutzung im Falle rechtswidriger Inhalte zu verhindern. Der Autor erkl\u00e4rt hiermit ausdr\u00fccklich, dass zum Zeitpunkt der Linksetzung keine illegalen Inhalte auf den zu verlinkenden Seiten erkennbar waren. Auf die aktuelle und zuk\u00fcnftige Gestaltung, die Inhalte oder die Urheberschaft der gelinkten bzw. verkn\u00fcpften Seiten hat der Autor keinerlei Einfluss. Deshalb distanziert er sich hiermit ausdr\u00fccklich von allen Inhalten aller gelinkten bzw. verkn\u00fcpften Seiten, die nach der Linksetzung ver\u00e4ndert wurden. F\u00fcr illegale, fehlerhafte oder unvollst\u00e4ndige Inhalte und insbesondere f\u00fcr Sch\u00e4den, die aus der Nutzung oder Nichtnutzung solcherart dargebotener Informationen entstehen, haftet allein der Anbieter der Webseite, auf welche verwiesen wurde, nicht derjenige, der \u00fcber Links auf die jeweilige Ver\u00f6ffentlichung lediglich verweist.<\/li>\n<li><strong><em> Urheber- und Kennzeichenrecht<\/em><\/strong><br \/>\nDer Autor ist bestrebt, in allen Publikationen die Urheberrechte der verwendeten Grafiken und Texte zu beachten, von ihm selbst erstellte Grafiken und Texte zu nutzen oder auf lizenzfreie Grafiken und Texte zur\u00fcckzugreifen. Alle innerhalb des Internetangebotes genannten und ggf. durch Dritte gesch\u00fctzten Marken- und Warenzeichen unterliegen uneingeschr\u00e4nkt den Bestimmungen des jeweils g\u00fcltigen Kennzeichenrechts und den Besitzrechten der jeweiligen eingetragenen Eigent\u00fcmer. Allein aufgrund der blo\u00dfen Nennung ist nicht der Schluss zu ziehen, dass Markenzeichen nicht durch Rechte Dritter gesch\u00fctzt sind. Das Copyright f\u00fcr ver\u00f6ffentlichte, vom Autor selbst erstellte Objekte, verbleibt allein beim Autor. Eine Vervielf\u00e4ltigung oder Verwendung solcher Objekte in anderen elektronischen oder gedruckten Publikationen ist ohne ausdr\u00fcckliche Zustimmung des Autors nicht gestattet. Das Logo der Psychotherapeutischen Praxis Tobias Rau ist erworbenes Eigentum des Autors. Dessen Vervielf\u00e4ltigung oder Verwendung in anderen elektronischen oder gedruckten Publikationen ist ebenfalls ohne ausdr\u00fcckliche Zustimmung des Autors nicht gestattet.<\/li>\n<li><strong><em> Rechtswirksamkeit dieses Haftungsausschlusses<\/em><\/strong><br \/>\nDieser Haftungsausschluss ist als Teil des Internetangebots zu betrachten, von dem aus auf diese Seite verwiesen wurde. Sofern Teile oder einzelne Formulierungen dieses Textes der geltenden Rechtslage nicht, nicht mehr oder nicht vollst\u00e4ndig entsprechen sollten, bleiben die \u00fcbrigen Teile des Dokuments in ihrem Inhalt und ihrer G\u00fcltigkeit davon unber\u00fchrt.<\/li>\n<\/ol>\n<p>&nbsp;<\/p>\n<p><strong><em>Datenschutz:<\/em><\/strong><\/p>\n<p>&nbsp;<\/p>\n<p><strong>Verantwortlicher f\u00fcr den Datenschutz:<\/strong><\/p>\n<p>Praxis f\u00fcr Kinder- und Jugendlichenpsychotherapie Linda Rau<\/p>\n<p>K\u00f6nigst\u00e4dter Str. 38A, 64569 Nauheim<\/p>\n<p>Telefon: 06152\/8550-383\u00a0\u00a0 Fax: 06152\/8550-894<\/p>\n<p>E-Mail: praxis@kjp-rau.de<\/p>\n<p>&nbsp;<\/p>\n<p>Wir behandeln Ihre personenbezogenen Daten (nachfolgend auch nur als &#8222;Daten&#8220; bezeichnet) vertraulich und entsprechend der aktuell geltenden gesetzlichen Datenschutzvorschriften sowie dieser Datenschutzerkl\u00e4rung. Gem\u00e4\u00df Art. 4 Nr. 1 der Datenschutz-Grundverordnung (nachfolgend auch nur DSGVO genannt), gilt als &#8222;Verarbeitung&#8220; s\u00e4mtliche mit oder ohne Hilfe automatisierter Verfahren ausgef\u00fchrten Prozesse im Zusammenhang mit personenbezogenen Daten. Konkret sind dies das Erfassen, Erheben, Ordnen, die Organisation, Speicherung, die Anpassung oder Ver\u00e4nderung, das Auslesen, Abfragen, die Verwendung, Offenlegung durch \u00dcbermittlung, Verbreitung oder eine anderweitige Art der Bereitstellung, den Abgleich oder die Verkn\u00fcpfung, Einschr\u00e4nkung, das L\u00f6schen oder die Vernichtung von personenbezogenen Daten.<\/p>\n<p>&nbsp;<\/p>\n<ul>\n<li><strong><em>Datenschutzerkl\u00e4rung hinsichtlich E-Mail:<\/em><\/strong><\/li>\n<\/ul>\n<p>Bitte beachten Sie: Eine telefonische Kontaktaufnahme Ihrerseits ist jederzeit m\u00f6glich und wird empfohlen. Auch sind wir bestrebt, s\u00e4mtliche Therapieanfragen von Ihnen zuerst telefonisch zu beantworten.<\/p>\n<p>Wir weisen Sie darauf hin, dass die Daten\u00fcbertragung im Internet, z.B. bei der Kommunikation per E-Mail, Sicherheitsl\u00fccken aufweisen kann. Ein l\u00fcckenloser Schutz der Daten vor dem unbefugten Zugriff durch Dritte ist nicht m\u00f6glich. Die Praxis \u00fcber E-Mail zu kontaktieren, steht Ihnen frei und obliegt demnach Ihrem eigenem Risiko. Unser E-Mail-Programm nutzt das gesicherte Verfahren der TLS-Verschl\u00fcsselung (Transport Layer Security). Bitte achten Sie grunds\u00e4tzlich auf eine korrekte Eingabe der E-Mail-Adresse der Praxis im Adressfeld Ihres E-Mail-Programms, damit Sie Ihre Daten nicht f\u00e4lschlicherweise an Dritte \u00fcbermitteln. Grunds\u00e4tzlich werden Daten von Ihnen nur gespeichert, wenn diese aktiv von Ihnen \u00fcbermittelt werden. Falls Sie per E-Mail mit uns in Kontakt treten, werden die dabei von Ihnen angegebenen Daten nur zur Bearbeitung Ihrer Anfrage genutzt. Die Angabe der Daten ist zur Bearbeitung und Beantwortung Ihre Anfrage erforderlich; ohne deren Bereitstellung k\u00f6nnen wir Ihre Anfrage nicht oder nur eingeschr\u00e4nkt beantworten. Rechtsgrundlage f\u00fcr diese Verarbeitung ist Art. 6 Abs. 1 Lit. b DSGVO. Ihre Daten werden gel\u00f6scht, sofern Ihre Anfrage abschlie\u00dfend beantwortet worden ist und der L\u00f6schung keine gesetzlichen Aufbewahrungspflichten entgegenstehen, wie z.B. bei einer eventuell sich anschlie\u00dfenden Vertragsabwicklung.<\/p>\n<p>Widerspruch von Werbe-E-Mails:<\/p>\n<p>Der Nutzung von im Rahmen der Impressumspflicht ver\u00f6ffentlichten Kontaktdaten zur \u00dcbersendung von nicht ausdr\u00fccklich angeforderter Werbung und Informationsmaterialien wird hiermit widersprochen. Der Betreiber dieser Webseite beh\u00e4lt sich ausdr\u00fccklich rechtliche Schritte im Falle der unverlangten Zusendung von Werbeinformationen, etwa durch Spam-E-Mails, vor.<\/p>\n<p>&nbsp;<\/p>\n<ul>\n<li><strong><em>Datenschutzerkl\u00e4rung hinsichtlich dieser Webseite:<\/em><\/strong><\/li>\n<\/ul>\n<p>&nbsp;<\/p>\n<ol>\n<li><em><strong>Welche personenbezogenen Daten werden erhoben und wof\u00fcr werden diese Daten genutzt?<\/strong><\/em><\/li>\n<\/ol>\n<p>Personenbezogene Daten von Ihnen als Webseitenbesucher wie Name, Vorname, Telefonnummer oder E-Mail-Adresse werden nicht erhoben. Wir, bzw. unser Hostinganbieter (1&amp;1 IONOS SE, nachfolgend nur 1&amp;1 genannt), erheben auf Grundlage unseres berechtigen Interesses gem\u00e4\u00df Art. 6 Abs. 1 Lit. f DSGVO Daten \u00fcber Zugriffe auf diese Webseite bzw. auf den Server, auf dem sich dieser Dienst befindet. Zu diesen Zugriffsdaten geh\u00f6ren:<\/p>\n<ul>\n<li>Referrer (zuvor besuchte Webseite)<\/li>\n<li>angeforderte Webseite oder Datei<\/li>\n<li>Browsertyp und Browserversion<\/li>\n<li>verwendetes Betriebssystem<\/li>\n<li>verwendeter Ger\u00e4tetyp<\/li>\n<li>Uhrzeit des Zugriffs<\/li>\n<li>IP-Adresse in anonymisierter Form (wird nur zur Feststellung des Orts des Zugriffs verwendet)<\/li>\n<\/ul>\n<p>Es werden nur personenbezogene Daten erhoben und genutzt, wenn ein gesetzlicher Grund f\u00fcr die Erhebung und Nutzung vorliegt und soweit dies zur Bereitstellung der funktionsf\u00e4higen Webseite und dessen Inhalte erforderlich ist. Das hei\u00dft, personenbezogene Daten werden von uns nur im Rahmen der Erforderlichkeit sowie zum Zwecke der Bereitstellung, der Optimierung und der Sicherheit eines funktionsf\u00e4higen und nutzerfreundlichen Internetauftritts, inklusive seiner Inhalte und der dort angebotenen Leistungen, verarbeitet. Die Daten werden nicht zur Profilbildung oder zu Werbezwecken genutzt. Unser berechtigtes Interesse folgt aus oben aufgelisteten Zwecken zur Datenerhebung. In keinem Fall werden die erhobenen Daten zu dem Zweck verwendet, R\u00fcckschl\u00fcsse auf Ihre Person zu ziehen.<\/p>\n<p>Auf welche Art und Weise diese Daten verarbeitet werden, finden Sie unter Punkt 5 dieser Datenschutzerkl\u00e4rung.<\/p>\n<p>&nbsp;<\/p>\n<ol start=\"2\">\n<li><strong><em> Weitergabe von Daten<\/em><\/strong><\/li>\n<\/ol>\n<p>Eine \u00dcbermittlung von auf dieser Webseite erhobenen Daten (siehe Punkt 1 dieser Datenschutzerkl\u00e4rung) an Dritte zu anderen Zwecken als folgend aufgef\u00fchrt, findet nicht statt:<\/p>\n<ul>\n<li>Es besteht nach Art.\u00a06 Abs.\u00a01 S.\u00a01 Lit.\u00a0c DSGVO eine gesetzliche Verpflichtung f\u00fcr die Weitergabe,<\/li>\n<li>Sie haben nach Art.\u00a06 Abs.\u00a01 S.\u00a01 Lit.\u00a0a DSGVO Ihre ausdr\u00fcckliche Einwilligung dazu abgegeben,<\/li>\n<li>Die Weitergabe ist nach Art.\u00a06 Abs.\u00a01 S.\u00a01 Lit.\u00a0b DSGVO zur Abwicklung von Vertragsverh\u00e4ltnissen mit Ihnen erforderlich, oder<\/li>\n<li>Die Weitergabe nach Art.\u00a06 Abs.\u00a01 S.\u00a01 Lit.\u00a0f DSGVO ist zur Geltendmachung, Aus\u00fcbung oder Verteidigung von Rechtsanspr\u00fcchen erforderlich und es besteht kein Grund zur Annahme, dass Sie ein \u00fcberwiegendes schutzw\u00fcrdiges Interesse an der Nichtweitergabe Ihrer Daten haben.<\/li>\n<\/ul>\n<p>&nbsp;<br \/>\n&nbsp;<\/p>\n<ol start=\"3\">\n<li><strong><em> Welche Rechte hat der Besucher dieser Webseite?<\/em><\/strong><\/li>\n<\/ol>\n<p>Sie haben folgende Rechte:<\/p>\n<ul>\n<li>Recht auf Auskunft \u00fcber Ihre von uns verarbeiteten personenbezogenen Daten (Artikel 15 DSGVO), dazu geh\u00f6rt auch: Auskunft \u00fcber Verarbeitungszweck, Kategorie der personenbezogenen Daten, Empf\u00e4nger oder Kategorien von Empf\u00e4ngern und die geplante Speicherdauer<\/li>\n<li>Recht auf unverz\u00fcgliche Berichtigung unrichtiger Daten oder Vervollst\u00e4ndigung unvollst\u00e4ndiger Daten (Artikel 16 DSGVO)<\/li>\n<li>Recht auf unverz\u00fcgliche L\u00f6schung (Artikel 17 DSGVO)<\/li>\n<li>Recht auf Einschr\u00e4nkung der Verarbeitung (Artikel 18 DSGVO)<\/li>\n<li>Recht auf Daten\u00fcbertragbarkeit (Artikel 20 DSGVO)<\/li>\n<li>Recht auf jederzeitigen Widerruf Ihrer einmal erteilten Einwilligung (Artikel 7 Absatz\u00a03 DSGVO)<\/li>\n<li>Recht auf Widerspruch gegen die Verarbeitung bei der Datenerhebung auf Grundlage von berechtigten Interessen nach Artikel 6 Absatz 1 Satz 1 Lit.\u00a0f DSGVO, soweit daf\u00fcr Gr\u00fcnde vorliegen, die sich aus Ihrer besonderen Situation ergeben (Artikel 21 DSGVO)<\/li>\n<li>Recht, nicht einer ausschlie\u00dflich auf einer automatisierten Verarbeitung \u2013 einschlie\u00dflich Profiling \u2013 beruhenden Entscheidung unterworfen zu werden, die Ihnen gegen\u00fcber rechtliche Wirkung entfaltet oder sie in \u00e4hnlicher Weise erheblich beeintr\u00e4chtigt (Art. 22 DSGVO)<\/li>\n<\/ul>\n<p>Um diese Rechte geltend zu machen, k\u00f6nnen Sie sich jederzeit an den f\u00fcr Datenschutz oben aufgef\u00fchrten Verantwortlichen wenden.<\/p>\n<ul>\n<li>Beschwerderecht bei der zust\u00e4ndigen Aufsichtsbeh\u00f6rde: Sie haben das Recht, sich bei einer Aufsichtsbeh\u00f6rde zu beschweren (Artikel 77 DSGVO). In der Regel k\u00f6nnen Sie sich hierf\u00fcr an die Aufsichtsbeh\u00f6rde Ihres \u00fcblichen Aufenthaltsortes oder Arbeitsplatzes wenden. Die f\u00fcr uns zust\u00e4ndige Aufsichtsbeh\u00f6rde ist:<\/li>\n<\/ul>\n<p>Der Hessische Datenschutzbeauftragte<\/p>\n<p>Gustav-Stresemann-Ring 1<br \/>\n65189 Wiesbaden<\/p>\n<p>&nbsp;<\/p>\n<ol start=\"4\">\n<li><strong><em> Verwendung von Cookies<\/em><\/strong><\/li>\n<\/ol>\n<p>Diese Webseite verwendet in bestimmten F\u00e4llen sogenannte Cookies. Dies sind Dateien, die Ihr Browser automatisch erstellt und die auf Ihrem Endger\u00e4t (PC, Laptop, Tablet, Smartphone, o.\u00c4.) gespeichert werden, wenn Sie diese Webseite besuchen. In einem Cookie werden Informationen abgelegt, die sich jeweils im Zusammenhang mit dem spezifisch eingesetzten Endger\u00e4t ergeben. Dies bedeutet jedoch nicht, dass der Betreiber dieser Webseite dadurch unmittelbar Kenntnis von Ihrer Identit\u00e4t erh\u00e4lt. Cookies enthalten allerdings keine personenbezogenen Daten und werden nach Ablauf der Sitzung automatisch gel\u00f6scht. Im Fall einer Verlinkung k\u00f6nnen Cookies von Drittanbietern zum Einsatz kommen, ohne dass der Betreiber dieser Webseite Sie darauf ausdr\u00fccklich hinweisen kann. Die g\u00e4ngigen Browser akzeptieren Cookies automatisch und erlauben es, die Verarbeitung solcher Cookies festzulegen, sodass Sie das Speichern dieser Cookies in Ihrem Internetbrowser deaktivieren k\u00f6nnen bzw. die Art der Verarbeitung durch Ihren Browser einstellen k\u00f6nnen. Gespeicherte Cookies k\u00f6nnen in den Systemeinstellungen des Browsers gel\u00f6scht werden. Bei der Deaktivierung ist nicht gew\u00e4hrleistet, dass Sie auf alle Funktionen dieser Webseite ohne Einschr\u00e4nkungen zugreifen k\u00f6nnen.<\/p>\n<p>Die durch Cookies verarbeiteten personenbezogenen Daten sind f\u00fcr die genannten Zwecke zur Wahrung unserer berechtigten Interessen sowie der von Dritten nach Art.\u00a06 Abs.\u00a01 S.\u00a01 Lit.\u00a0f DSGVO erforderlich.<\/p>\n<p>&nbsp;<\/p>\n<p><em>\u00a0\u00a0\u00a0\u00a0\u00a0\u00a0 5.<strong> Nutzung von Webanalyse-Tools<\/strong><\/em><\/p>\n<p>Das im Folgenden aufgef\u00fchrte und von dieser Webseite genutzte Webanalyse-Tool wird auf Grundlage des Art.\u00a06 Abs.\u00a01 S.\u00a01 Lit.\u00a0f DSGVO durchgef\u00fchrt. Diese Website benutzt das datenschutzkonforme 1&amp;1-WebAnalytics, einen Webanalysedienst von 1&amp;1. 1&amp;1 speichert keine personenbezogenen Daten von Webseitenbesuchern, damit keine R\u00fcckschl\u00fcsse auf die einzelnen Webseitenbesucher gezogen werden k\u00f6nnen. Es werden folgende Daten (siehe bereits Punkt 1 dieser Datenschutzerkl\u00e4rung) erhoben:<\/p>\n<ul>\n<li>Referrer (zuvor besuchte Webseite)<\/li>\n<li>Angeforderte Webseite oder Datei<\/li>\n<li>Browsertyp und Browserversion<\/li>\n<li>Verwendetes Betriebssystem<\/li>\n<li>Verwendeter Ger\u00e4tetyp<\/li>\n<li>Uhrzeit des Zugriffs<\/li>\n<li>IP-Adresse in anonymisierter Form (wird nur zur Feststellung des Orts des Zugriffs verwendet)<\/li>\n<\/ul>\n<p>Die Daten werden entweder durch einen Pixel oder durch einen Logfile ermittelt und nach Webseitenaufruf automatisch protokolliert. Die Logfiles werden sofort nach deren Erhebung anonymisiert und aus Sicherheitsgr\u00fcnden, z.B. zur Aufkl\u00e4rung von Missbrauchs- oder Betrugshandlungen, f\u00fcr die Dauer von maximal 7 Tagen gespeichert und danach gel\u00f6scht.\u00a0 Zum Schutz von personenbezogenen Daten verwendet 1&amp;1 WebAnalytics keine Cookies.\u00a0In 1&amp;1 WebAnalytics werden Daten ausschlie\u00dflich zur statistischen Auswertung und zur technischen Optimierung des Webangebots erhoben.\u00a0Es werden keine Daten an Dritte weitergegeben.<\/p>\n<p>&nbsp;<\/p>\n<p><em>\u00a0\u00a0\u00a0\u00a0\u00a0 6.<\/em><strong><em> Datensicherheit\/Verschl\u00fcsselung<\/em><\/strong><\/p>\n<p>Das Angebot dieser Webseite unterst\u00fctzt den gesicherten Zugriff \u00fcber das SSL-Verfahren (Secure Socket Layer).<\/p>\n<p>&nbsp;<\/p>\n<p><strong>Aktualit\u00e4t und \u00c4nderung dieser Datenschutzerkl\u00e4rung<\/strong><\/p>\n<p>Diese Datenschutzerkl\u00e4rung ist aktuell g\u00fcltig und hat den Stand Mai 2018. Wir behalten uns vor, die Datenschutzerkl\u00e4rung zu aktualisieren, um den Datenschutz zu verbessern oder an ge\u00e4nderte beh\u00f6rdliche oder gerichtliche Vorgaben anzupassen. Die aktuelle Datenschutzerkl\u00e4rung kann jederzeit auf der Webseite unter\u00a0<a href=\"http:\/\/www.kjp-rau.de\/index.php\/impressum\/\">http:\/\/www.kjp-rau.de\/index.php\/impressum\/<\/a> abgerufen und ausgedruckt werden.<\/p>\n<p>&nbsp;<\/p>\n<p>&nbsp;<\/p>\n<p>&nbsp;<\/p>\n<p>&nbsp;<\/p>\n<p>&nbsp;<\/p>\n<p>Gestaltung und technische Umsetzung des Internetauftritts:<br \/>\nSystembetreuung L\u00f6sel GmbH<br \/>\nAm Atzelhorst 3<br \/>\n64569 Nauheim<br \/>\n<a href=\"http:\/\/www.loesel.de\" target=\"_blank\" rel=\"noopener\">www.loesel.de<\/a><br \/>\n<a href=\"mailto:info@loesel.de\" target=\"_blank\" rel=\"noopener\">info@loesel.de<\/a><\/p>\n","protected":false},"excerpt":{"rendered":"<p>Impressum und Datenschutzerkl\u00e4rung &nbsp; Die Datenschutzerkl\u00e4rung finden Sie weiter unten im Text. &nbsp; Pflichtangaben gem\u00e4\u00df \u00a7 5 des Teledienstgesetzes (TDG): Name und Sitz Praxis f\u00fcr Kinder- und Jugendlichenpsychotherapie Linda Rau K\u00f6nigst\u00e4dter Str. 38 A 64569 Nauheim Telefon: 06152\/8550383 Email: praxis@kjp-rau.de Internet: www.kjp-rau.de &nbsp; Inhaltlich Verantwortlicher gem\u00e4\u00df \u00a76 MDStV: Linda Rau K\u00f6nigst\u00e4dter Str. 38A, 64569 Nauheim [&hellip;]<\/p>\n","protected":false},"author":1,"featured_media":81,"parent":0,"menu_order":0,"comment_status":"closed","ping_status":"closed","template":"","meta":{"footnotes":""},"_links":{"self":[{"href":"http:\/\/www.kjp-rau.de\/index.php\/wp-json\/wp\/v2\/pages\/125"}],"collection":[{"href":"http:\/\/www.kjp-rau.de\/index.php\/wp-json\/wp\/v2\/pages"}],"about":[{"href":"http:\/\/www.kjp-rau.de\/index.php\/wp-json\/wp\/v2\/types\/page"}],"author":[{"embeddable":true,"href":"http:\/\/www.kjp-rau.de\/index.php\/wp-json\/wp\/v2\/users\/1"}],"replies":[{"embeddable":true,"href":"http:\/\/www.kjp-rau.de\/index.php\/wp-json\/wp\/v2\/comments?post=125"}],"version-history":[{"count":38,"href":"http:\/\/www.kjp-rau.de\/index.php\/wp-json\/wp\/v2\/pages\/125\/revisions"}],"predecessor-version":[{"id":303,"href":"http:\/\/www.kjp-rau.de\/index.php\/wp-json\/wp\/v2\/pages\/125\/revisions\/303"}],"wp:featuredmedia":[{"embeddable":true,"href":"http:\/\/www.kjp-rau.de\/index.php\/wp-json\/wp\/v2\/media\/81"}],"wp:attachment":[{"href":"http:\/\/www.kjp-rau.de\/index.php\/wp-json\/wp\/v2\/media?parent=125"}],"curies":[{"name":"wp","href":"https:\/\/api.w.org\/{rel}","templated":true}]}}