{"id":120,"date":"2018-01-22T11:08:29","date_gmt":"2018-01-22T10:08:29","guid":{"rendered":"http:\/\/192.168.2.193:8484\/?page_id=120"},"modified":"2018-01-30T12:52:42","modified_gmt":"2018-01-30T11:52:42","slug":"wann-sinnvoll","status":"publish","type":"page","link":"http:\/\/www.kjp-rau.de\/index.php\/psychotherapie\/wann-sinnvoll\/","title":{"rendered":"Wann sinnvoll?"},"content":{"rendered":"<p><strong>Wann ist Psychotherapie f\u00fcr Kinder und Jugendliche sinnvoll?<\/strong><\/p>\n<p>Manchmal geraten Kinder und Jugendliche in seelische Notlagen, die sowohl bei ihnen selbst als auch bei ihren Angeh\u00f6rigen zu erheblichem Leiden f\u00fchren k\u00f6nnen. Oft wird dabei ihr Alltag deutlich beeintr\u00e4chtigt (z.B. in der Schule, im Kontakt mit Gleichaltrigen oder in der Familie).<\/p>\n<p>Wenn Sie merken, dass Ihr Kind sich ver\u00e4ndert und diese Ver\u00e4nderungen Ihnen zunehmend Sorgen bereiten oder wenn die Kinder und Jugendlichen selbst bemerken, dass es Ihnen nicht gut geht und sie darunter sp\u00fcrbar leiden, kann es sinnvoll sein, sich professionelle Hilfe zu suchen. Insbesondere auch dann, wenn deutlich wird, dass es sich nicht nur um eine schwierige, vor\u00fcbergehende Phase handelt und weder die Kinder und Jugendlichen selbst, noch die Angeh\u00f6rigen diese Schwierigkeiten alleine bew\u00e4ltigen k\u00f6nnen.<\/p>\n<p>Die Krankenkassen finanzieren eine psychotherapeutische Behandlung bei Vorliegen einer behandlungsbed\u00fcrftigen psychischen Erkrankung. Ob eine solche vorliegt, finden wir gemeinsam im Rahmen der Diagnostik heraus.<\/p>\n<p>Anl\u00e4sse f\u00fcr eine Kinder- und Jugendlichenpsychotherapie k\u00f6nnen beispielsweise sein:<\/p>\n<ul>\n<li>\u00c4ngste, Verlusterfahrungen und Trennungssituationen<\/li>\n<li>psychosomatische Beschwerden wie Bauch- und Kopfschmerzen<\/li>\n<li>Konflikte mit Gleichaltrigen und Schulprobleme<\/li>\n<li>Aggressionen und Depressionen, heftige Stimmungsschwankungen, selbstverletzendes Verhalten<\/li>\n<li>Identit\u00e4tskonflikte<\/li>\n<li>Probleme mit dem Essen (z.B. Anorexie, Bulimie, Ess-Sucht)<\/li>\n<li>Schlafst\u00f6rungen<\/li>\n<li>Zwangsst\u00f6rungen und Tic-St\u00f6rungen<\/li>\n<li>Einn\u00e4ssen (Enuresis) und Einkoten (Enkopresis)<\/li>\n<li>Pers\u00f6nlichkeitsst\u00f6rungen<\/li>\n<li>Verhaltensauff\u00e4lligkeiten und Hyperaktivit\u00e4t<\/li>\n<\/ul>\n","protected":false},"excerpt":{"rendered":"<p>Wann ist Psychotherapie f\u00fcr Kinder und Jugendliche sinnvoll? Manchmal geraten Kinder und Jugendliche in seelische Notlagen, die sowohl bei ihnen selbst als auch bei ihren Angeh\u00f6rigen zu erheblichem Leiden f\u00fchren k\u00f6nnen. Oft wird dabei ihr Alltag deutlich beeintr\u00e4chtigt (z.B. in der Schule, im Kontakt mit Gleichaltrigen oder in der Familie). Wenn Sie merken, dass Ihr [&hellip;]<\/p>\n","protected":false},"author":1,"featured_media":89,"parent":18,"menu_order":0,"comment_status":"closed","ping_status":"closed","template":"","meta":{"footnotes":""},"_links":{"self":[{"href":"http:\/\/www.kjp-rau.de\/index.php\/wp-json\/wp\/v2\/pages\/120"}],"collection":[{"href":"http:\/\/www.kjp-rau.de\/index.php\/wp-json\/wp\/v2\/pages"}],"about":[{"href":"http:\/\/www.kjp-rau.de\/index.php\/wp-json\/wp\/v2\/types\/page"}],"author":[{"embeddable":true,"href":"http:\/\/www.kjp-rau.de\/index.php\/wp-json\/wp\/v2\/users\/1"}],"replies":[{"embeddable":true,"href":"http:\/\/www.kjp-rau.de\/index.php\/wp-json\/wp\/v2\/comments?post=120"}],"version-history":[{"count":5,"href":"http:\/\/www.kjp-rau.de\/index.php\/wp-json\/wp\/v2\/pages\/120\/revisions"}],"predecessor-version":[{"id":215,"href":"http:\/\/www.kjp-rau.de\/index.php\/wp-json\/wp\/v2\/pages\/120\/revisions\/215"}],"up":[{"embeddable":true,"href":"http:\/\/www.kjp-rau.de\/index.php\/wp-json\/wp\/v2\/pages\/18"}],"wp:featuredmedia":[{"embeddable":true,"href":"http:\/\/www.kjp-rau.de\/index.php\/wp-json\/wp\/v2\/media\/89"}],"wp:attachment":[{"href":"http:\/\/www.kjp-rau.de\/index.php\/wp-json\/wp\/v2\/media?parent=120"}],"curies":[{"name":"wp","href":"https:\/\/api.w.org\/{rel}","templated":true}]}}